{"id":5608,"date":"2023-01-26T11:00:21","date_gmt":"2023-01-26T10:00:21","guid":{"rendered":"https:\/\/www.veloacciai.com\/componenti-inox\/"},"modified":"2024-05-06T15:17:34","modified_gmt":"2024-05-06T13:17:34","slug":"componentes-de-acero-inoxidable","status":"publish","type":"page","link":"https:\/\/www.veloacciai.com\/es\/componentes-de-acero-inoxidable\/","title":{"rendered":"Componentes de acero inoxidable"},"content":{"rendered":"","protected":false},"excerpt":{"rendered":"","protected":false},"author":1,"featured_media":0,"parent":0,"menu_order":43,"comment_status":"closed","ping_status":"closed","template":"tmpl-product_cat.php","meta":[],"acf":[],"yoast_head":"<!-- This site is optimized with the Yoast SEO plugin v20.13 - https:\/\/yoast.com\/wordpress\/plugins\/seo\/ -->\n<title>Componentes de acero inoxidable - VLS Components<\/title>\n<meta name=\"description\" content=\"Los componentes de acero inoxidable de VLS incluyen v\u00e1lvulas, bridas, curvas, flejes y accesorios para el sector enol\u00f3gico. Desc\u00fabrelos.\" \/>\n<meta name=\"robots\" content=\"index, follow, max-snippet:-1, max-image-preview:large, max-video-preview:-1\" \/>\n<link rel=\"canonical\" href=\"https:\/\/www.veloacciai.com\/es\/componentes-de-acero-inoxidable\/\" \/>\n<meta property=\"og:locale\" content=\"es_ES\" \/>\n<meta property=\"og:type\" content=\"article\" \/>\n<meta property=\"og:title\" content=\"Componentes de acero inoxidable - VLS Components\" \/>\n<meta property=\"og:description\" content=\"Los componentes de acero inoxidable de VLS incluyen v\u00e1lvulas, bridas, curvas, flejes y accesorios para el sector enol\u00f3gico. Desc\u00fabrelos.\" \/>\n<meta property=\"og:url\" content=\"https:\/\/www.veloacciai.com\/es\/componentes-de-acero-inoxidable\/\" \/>\n<meta property=\"og:site_name\" content=\"VLS Components\" \/>\n<meta property=\"article:modified_time\" content=\"2024-05-06T13:17:34+00:00\" \/>\n<meta name=\"twitter:card\" content=\"summary_large_image\" \/>\n<script type=\"application\/ld+json\" class=\"yoast-schema-graph\">{\"@context\":\"https:\/\/schema.org\",\"@graph\":[{\"@type\":\"WebPage\",\"@id\":\"https:\/\/www.veloacciai.com\/es\/componentes-de-acero-inoxidable\/\",\"url\":\"https:\/\/www.veloacciai.com\/es\/componentes-de-acero-inoxidable\/\",\"name\":\"Componentes de acero inoxidable - VLS Components\",\"isPartOf\":{\"@id\":\"https:\/\/www.veloacciai.com\/#website\"},\"datePublished\":\"2023-01-26T10:00:21+00:00\",\"dateModified\":\"2024-05-06T13:17:34+00:00\",\"description\":\"Los componentes de acero inoxidable de VLS incluyen v\u00e1lvulas, bridas, curvas, flejes y accesorios para el sector enol\u00f3gico. Desc\u00fabrelos.\",\"breadcrumb\":{\"@id\":\"https:\/\/www.veloacciai.com\/es\/componentes-de-acero-inoxidable\/#breadcrumb\"},\"inLanguage\":\"es-ES\",\"potentialAction\":[{\"@type\":\"ReadAction\",\"target\":[\"https:\/\/www.veloacciai.com\/es\/componentes-de-acero-inoxidable\/\"]}]},{\"@type\":\"BreadcrumbList\",\"@id\":\"https:\/\/www.veloacciai.com\/es\/componentes-de-acero-inoxidable\/#breadcrumb\",\"itemListElement\":[{\"@type\":\"ListItem\",\"position\":1,\"name\":\"Home\",\"item\":\"https:\/\/www.veloacciai.com\/es\/\"},{\"@type\":\"ListItem\",\"position\":2,\"name\":\"Componentes de acero inoxidable\"}]},{\"@type\":\"WebSite\",\"@id\":\"https:\/\/www.veloacciai.com\/#website\",\"url\":\"https:\/\/www.veloacciai.com\/\",\"name\":\"VLS Components\",\"description\":\"Filtraci\u00f3n y tratamiento de l\u00edquidos alimenticios\",\"publisher\":{\"@id\":\"https:\/\/www.veloacciai.com\/#organization\"},\"inLanguage\":\"es-ES\"},{\"@type\":\"Organization\",\"@id\":\"https:\/\/www.veloacciai.com\/#organization\",\"name\":\"VLS Components\",\"url\":\"https:\/\/www.veloacciai.com\/\",\"logo\":{\"@type\":\"ImageObject\",\"inLanguage\":\"es-ES\",\"@id\":\"https:\/\/www.veloacciai.com\/#\/schema\/logo\/image\/\",\"url\":\"https:\/\/www.veloacciai.com\/wp-content\/uploads\/2024\/02\/VLS-Components.png\",\"contentUrl\":\"https:\/\/www.veloacciai.com\/wp-content\/uploads\/2024\/02\/VLS-Components.png\",\"width\":1376,\"height\":595,\"caption\":\"VLS Components\"},\"image\":{\"@id\":\"https:\/\/www.veloacciai.com\/#\/schema\/logo\/image\/\"}}]}<\/script>\n<!-- \/ Yoast SEO plugin. -->","yoast_head_json":{"title":"Componentes de acero inoxidable - VLS Components","description":"Los componentes de acero inoxidable de VLS incluyen v\u00e1lvulas, bridas, curvas, flejes y accesorios para el sector enol\u00f3gico. Desc\u00fabrelos.","robots":{"index":"index","follow":"follow","max-snippet":"max-snippet:-1","max-image-preview":"max-image-preview:large","max-video-preview":"max-video-preview:-1"},"canonical":"https:\/\/www.veloacciai.com\/es\/componentes-de-acero-inoxidable\/","og_locale":"es_ES","og_type":"article","og_title":"Componentes de acero inoxidable - VLS Components","og_description":"Los componentes de acero inoxidable de VLS incluyen v\u00e1lvulas, bridas, curvas, flejes y accesorios para el sector enol\u00f3gico. Desc\u00fabrelos.","og_url":"https:\/\/www.veloacciai.com\/es\/componentes-de-acero-inoxidable\/","og_site_name":"VLS Components","article_modified_time":"2024-05-06T13:17:34+00:00","twitter_card":"summary_large_image","schema":{"@context":"https:\/\/schema.org","@graph":[{"@type":"WebPage","@id":"https:\/\/www.veloacciai.com\/es\/componentes-de-acero-inoxidable\/","url":"https:\/\/www.veloacciai.com\/es\/componentes-de-acero-inoxidable\/","name":"Componentes de acero inoxidable - VLS Components","isPartOf":{"@id":"https:\/\/www.veloacciai.com\/#website"},"datePublished":"2023-01-26T10:00:21+00:00","dateModified":"2024-05-06T13:17:34+00:00","description":"Los componentes de acero inoxidable de VLS incluyen v\u00e1lvulas, bridas, curvas, flejes y accesorios para el sector enol\u00f3gico. Desc\u00fabrelos.","breadcrumb":{"@id":"https:\/\/www.veloacciai.com\/es\/componentes-de-acero-inoxidable\/#breadcrumb"},"inLanguage":"es-ES","potentialAction":[{"@type":"ReadAction","target":["https:\/\/www.veloacciai.com\/es\/componentes-de-acero-inoxidable\/"]}]},{"@type":"BreadcrumbList","@id":"https:\/\/www.veloacciai.com\/es\/componentes-de-acero-inoxidable\/#breadcrumb","itemListElement":[{"@type":"ListItem","position":1,"name":"Home","item":"https:\/\/www.veloacciai.com\/es\/"},{"@type":"ListItem","position":2,"name":"Componentes de acero inoxidable"}]},{"@type":"WebSite","@id":"https:\/\/www.veloacciai.com\/#website","url":"https:\/\/www.veloacciai.com\/","name":"VLS Components","description":"Filtraci\u00f3n y tratamiento de l\u00edquidos alimenticios","publisher":{"@id":"https:\/\/www.veloacciai.com\/#organization"},"inLanguage":"es-ES"},{"@type":"Organization","@id":"https:\/\/www.veloacciai.com\/#organization","name":"VLS Components","url":"https:\/\/www.veloacciai.com\/","logo":{"@type":"ImageObject","inLanguage":"es-ES","@id":"https:\/\/www.veloacciai.com\/#\/schema\/logo\/image\/","url":"https:\/\/www.veloacciai.com\/wp-content\/uploads\/2024\/02\/VLS-Components.png","contentUrl":"https:\/\/www.veloacciai.com\/wp-content\/uploads\/2024\/02\/VLS-Components.png","width":1376,"height":595,"caption":"VLS Components"},"image":{"@id":"https:\/\/www.veloacciai.com\/#\/schema\/logo\/image\/"}}]}},"_links":{"self":[{"href":"https:\/\/www.veloacciai.com\/es\/wp-json\/wp\/v2\/pages\/5608"}],"collection":[{"href":"https:\/\/www.veloacciai.com\/es\/wp-json\/wp\/v2\/pages"}],"about":[{"href":"https:\/\/www.veloacciai.com\/es\/wp-json\/wp\/v2\/types\/page"}],"author":[{"embeddable":true,"href":"https:\/\/www.veloacciai.com\/es\/wp-json\/wp\/v2\/users\/1"}],"replies":[{"embeddable":true,"href":"https:\/\/www.veloacciai.com\/es\/wp-json\/wp\/v2\/comments?post=5608"}],"version-history":[{"count":4,"href":"https:\/\/www.veloacciai.com\/es\/wp-json\/wp\/v2\/pages\/5608\/revisions"}],"predecessor-version":[{"id":5806,"href":"https:\/\/www.veloacciai.com\/es\/wp-json\/wp\/v2\/pages\/5608\/revisions\/5806"}],"wp:attachment":[{"href":"https:\/\/www.veloacciai.com\/es\/wp-json\/wp\/v2\/media?parent=5608"}],"curies":[{"name":"wp","href":"https:\/\/api.w.org\/{rel}","templated":true}]}}